{"id":2,"date":"2014-12-22T11:34:52","date_gmt":"2014-12-22T11:34:52","guid":{"rendered":"http:\/\/www.alice-piernet.fr\/?page_id=2"},"modified":"2022-12-15T11:13:00","modified_gmt":"2022-12-15T11:13:00","slug":"page-d-exemple","status":"publish","type":"page","link":"https:\/\/www.alice-piernet.fr\/?page_id=2","title":{"rendered":"\u00e0 propos"},"content":{"rendered":"<div>\n<div><a class=\"lightbox-image\" title=\"\" data-rel=\"lightbox\"><img decoding=\"async\" class=\"img-frame  aligncenter\" src=\"http:\/\/www.alice-piernet.fr\/wp-content\/uploads\/2014\/12\/AP-Bureau-1000x774.jpg\" alt=\"\" \/><\/a><\/div>\n<\/div>\n<div><\/div>\n<div><\/div>\n<div>Apr\u00e8s 4 ans d\u2019\u00e9tudes en \u00e9cole d\u2019art graphique, j\u2019ai travaill\u00e9 pendant 15 ans en tant que graphiste DA dans diff\u00e9rentes agences de communication.<\/div>\n<p>Aujourd\u2019hui je r\u00e9alise un vieux r\u00eave, celui d\u2019\u00eatre illustratrice.<\/p>\n<p>Amoureuse des d\u00e9tails, je cherche \u00e0 cr\u00e9er un univers onirique saupoudr\u00e9 d\u2019un peu de myst\u00e8re et de magie.\u00a0Mon inspiration trouve sa source dans tout ce qui est ancien, comme les livres, les gravures, les objets ou les peintures, qu\u2019ils soient historiques, mythologiques, astrologiques, botaniques ou animaliers, ainsi que dans l\u2019univers du tatouage.<\/p>\n","protected":false},"excerpt":{"rendered":"<p>Apr\u00e8s 4 ans d\u2019\u00e9tudes en \u00e9cole d\u2019art graphique, j\u2019ai travaill\u00e9 pendant 15 ans en tant que graphiste DA dans diff\u00e9rentes [&hellip;]<\/p>\n","protected":false},"author":1,"featured_media":0,"parent":0,"menu_order":1,"comment_status":"open","ping_status":"open","template":"","meta":{"footnotes":""},"class_list":["post-2","page","type-page","status-publish","hentry"],"_links":{"self":[{"href":"https:\/\/www.alice-piernet.fr\/index.php?rest_route=\/wp\/v2\/pages\/2","targetHints":{"allow":["GET"]}}],"collection":[{"href":"https:\/\/www.alice-piernet.fr\/index.php?rest_route=\/wp\/v2\/pages"}],"about":[{"href":"https:\/\/www.alice-piernet.fr\/index.php?rest_route=\/wp\/v2\/types\/page"}],"author":[{"embeddable":true,"href":"https:\/\/www.alice-piernet.fr\/index.php?rest_route=\/wp\/v2\/users\/1"}],"replies":[{"embeddable":true,"href":"https:\/\/www.alice-piernet.fr\/index.php?rest_route=%2Fwp%2Fv2%2Fcomments&post=2"}],"version-history":[{"count":53,"href":"https:\/\/www.alice-piernet.fr\/index.php?rest_route=\/wp\/v2\/pages\/2\/revisions"}],"predecessor-version":[{"id":1035,"href":"https:\/\/www.alice-piernet.fr\/index.php?rest_route=\/wp\/v2\/pages\/2\/revisions\/1035"}],"wp:attachment":[{"href":"https:\/\/www.alice-piernet.fr\/index.php?rest_route=%2Fwp%2Fv2%2Fmedia&parent=2"}],"curies":[{"name":"wp","href":"https:\/\/api.w.org\/{rel}","templated":true}]}}