{"id":43,"date":"2015-01-01T18:13:02","date_gmt":"2015-01-01T18:13:02","guid":{"rendered":"http:\/\/www.alice-piernet.fr\/?page_id=43"},"modified":"2022-05-28T08:18:13","modified_gmt":"2022-05-28T08:18:13","slug":"home2","status":"publish","type":"page","link":"https:\/\/www.alice-piernet.fr\/","title":{"rendered":"Home"},"content":{"rendered":"<div class=\"testimonial-slider\" ><div class=\"testimonial-container\"><div class=\"testimonial-wrapper\"><div class=\"testimonial-info\"><img decoding=\"async\" class=\"img-frame testimonial-img\" src=\"http:\/\/www.alice-piernet.fr\/wp-content\/uploads\/2025\/06\/ID-AlicePiernet-Rond-150x150.jpg\" alt=\"Alice Piernet\" \/><div class=\"testimonials-details\"><h2>Alice Piernet<\/h2><span>Illustratrice<\/span><\/div><\/div><blockquote><p>Issue d\u2019une \u00e9cole d\u2019art graphique, j\u2019ai longtemps travaill\u00e9 en tant que graphiste en agence et r\u00e9alise d\u00e9sormais mon vieux r\u00eave, celui d\u2019\u00eatre illustratrice.\r\n\u00a0\r\nPassionn\u00e9e d\u2019antiquit\u00e9s, je m\u2019inspire de tout ce qui est ancien (livres, gravures, objets en tout genre\u2026) et voue \u00e9galement une fascination pour les mythes et l\u00e9gendes, l\u2019astrologie, l\u2019Histoire, la botanique ou encore le monde animal.\r\n\u00a0\r\nTout cela fa\u00e7onne mon style graphique rempli de d\u00e9tails, et cr\u00e9e un univers onirique et singulier que je vous invite \u00e0 d\u00e9couvrir.<\/p><\/blockquote><\/div><\/div><\/div>\n<div class=\"section-full-width section-light\" style=\"background-color:#f7f7f7;\" id=\"section-1\"><div class=\"section-boxed\" style=\"color:#777777;\"><p><img decoding=\"async\" class=\"img-frame \" src=\"http:\/\/www.alice-piernet.fr\/wp-content\/uploads\/2014\/12\/Logo-Gmail.jpg\" alt=\"\" \/>\u00a0alicepiernet@gmail.com<\/p>\n<p><a href=\"https:\/\/www.instagram.com\/alicepiernet_illustration\/\" target=\"_blank\"><img decoding=\"async\" class=\"img-frame \" src=\"http:\/\/www.alice-piernet.fr\/wp-content\/uploads\/2014\/12\/Logo-Instagram.jpg\" alt=\"\" \/>\u00a0alicepiernet_illustration<\/a><\/p>\n<p>\n<\/div><\/div>\n<div class=\"services-wrapper services-thumbnail\"><div class=\"clear\"><\/div><\/div>\n","protected":false},"excerpt":{"rendered":"","protected":false},"author":1,"featured_media":0,"parent":0,"menu_order":0,"comment_status":"open","ping_status":"closed","template":"template-full-custom.php","meta":{"footnotes":""},"class_list":["post-43","page","type-page","status-publish","hentry"],"_links":{"self":[{"href":"https:\/\/www.alice-piernet.fr\/index.php?rest_route=\/wp\/v2\/pages\/43","targetHints":{"allow":["GET"]}}],"collection":[{"href":"https:\/\/www.alice-piernet.fr\/index.php?rest_route=\/wp\/v2\/pages"}],"about":[{"href":"https:\/\/www.alice-piernet.fr\/index.php?rest_route=\/wp\/v2\/types\/page"}],"author":[{"embeddable":true,"href":"https:\/\/www.alice-piernet.fr\/index.php?rest_route=\/wp\/v2\/users\/1"}],"replies":[{"embeddable":true,"href":"https:\/\/www.alice-piernet.fr\/index.php?rest_route=%2Fwp%2Fv2%2Fcomments&post=43"}],"version-history":[{"count":47,"href":"https:\/\/www.alice-piernet.fr\/index.php?rest_route=\/wp\/v2\/pages\/43\/revisions"}],"predecessor-version":[{"id":940,"href":"https:\/\/www.alice-piernet.fr\/index.php?rest_route=\/wp\/v2\/pages\/43\/revisions\/940"}],"wp:attachment":[{"href":"https:\/\/www.alice-piernet.fr\/index.php?rest_route=%2Fwp%2Fv2%2Fmedia&parent=43"}],"curies":[{"name":"wp","href":"https:\/\/api.w.org\/{rel}","templated":true}]}}